{"id":15,"date":"2025-05-23T12:39:32","date_gmt":"2025-05-23T12:39:32","guid":{"rendered":"https:\/\/armadillo.hu\/?page_id=15"},"modified":"2026-01-05T13:45:44","modified_gmt":"2026-01-05T13:45:44","slug":"rolunk","status":"publish","type":"page","link":"https:\/\/armadillo.hu\/en\/rolunk\/","title":{"rendered":"R\u00f3lunk"},"content":{"rendered":"<div data-elementor-type=\"wp-page\" data-elementor-id=\"15\" class=\"elementor elementor-15\" data-elementor-post-type=\"page\">\n\t\t\t\t<div class=\"elementor-element elementor-element-a4d9f36 e-flex e-con-boxed e-con e-parent\" data-id=\"a4d9f36\" data-element_type=\"container\" data-e-type=\"container\" data-settings=\"{&quot;background_background&quot;:&quot;classic&quot;}\">\n\t\t\t\t\t<div class=\"e-con-inner\">\n\t\t<div class=\"elementor-element elementor-element-c807252 e-con-full e-flex e-con e-child\" data-id=\"c807252\" data-element_type=\"container\" data-e-type=\"container\">\n\t\t\t\t<div class=\"elementor-element elementor-element-b9be4d7 elementor-widget elementor-widget-heading\" data-id=\"b9be4d7\" data-element_type=\"widget\" data-e-type=\"widget\" data-widget_type=\"heading.default\">\n\t\t\t\t<div class=\"elementor-widget-container\">\n\t\t\t\t\t<h1 class=\"elementor-heading-title elementor-size-default\">Ismerj meg minket!<\/h1>\t\t\t\t<\/div>\n\t\t\t\t<\/div>\n\t\t\t\t<div class=\"elementor-element elementor-element-6d055fc elementor-widget elementor-widget-text-editor\" data-id=\"6d055fc\" data-element_type=\"widget\" data-e-type=\"widget\" data-widget_type=\"text-editor.default\">\n\t\t\t\t<div class=\"elementor-widget-container\">\n\t\t\t\t\t\t\t\t\t<p>Csapatunk lend\u00fcletes \u00e9s lelkes digit\u00e1lis szakemberekb\u0151l \u00e1ll\u00f3 k\u00f6z\u00f6ss\u00e9g. Minden nap \u00faj kih\u00edv\u00e1sokkal \u00e9s lehet\u0151s\u00e9gekkel n\u00e9z\u00fcnk szembe, amikhez naprak\u00e9sz tud\u00e1ssal \u00e9s friss l\u00e1t\u00e1sm\u00f3ddal \u00e1llunk hozz\u00e1. K\u00f6nnyed\u00e9n alkalmazkodunk a gyorsan v\u00e1ltoz\u00f3 trendekhez, \u00e9s kreat\u00edvan alak\u00edtjuk a legk\u00fcl\u00f6nb\u00f6z\u0151bb projektek \u00e1ltal a marketing vil\u00e1g\u00e1t. M\u0171k\u00f6d\u00e9s\u00fcnk p\u00f6rg\u0151s \u00e9s inspir\u00e1l\u00f3, hiszen v\u00e1ltozatos \u00fcgyf\u00e9lk\u00f6r\u00fcnk lehet\u0151s\u00e9get ad arra, hogy soha ne unatkozzunk, \u00e9s mindig a leginnovat\u00edvabb megold\u00e1sokkal \u00e9rj\u00fck el k\u00f6z\u00f6s c\u00e9ljainkat.<\/p>\t\t\t\t\t\t\t\t<\/div>\n\t\t\t\t<\/div>\n\t\t\t\t<\/div>\n\t\t\t\t\t<\/div>\n\t\t\t\t<\/div>\n\t\t\t\t<\/div>","protected":false},"excerpt":{"rendered":"<p>Ismerj meg minket! Csapatunk lend\u00fcletes \u00e9s lelkes digit\u00e1lis szakemberekb\u0151l \u00e1ll\u00f3 k\u00f6z\u00f6ss\u00e9g. Minden nap \u00faj kih\u00edv\u00e1sokkal \u00e9s lehet\u0151s\u00e9gekkel n\u00e9z\u00fcnk szembe, amikhez naprak\u00e9sz tud\u00e1ssal \u00e9s friss l\u00e1t\u00e1sm\u00f3ddal \u00e1llunk hozz\u00e1. K\u00f6nnyed\u00e9n alkalmazkodunk a gyorsan v\u00e1ltoz\u00f3 trendekhez, \u00e9s kreat\u00edvan alak\u00edtjuk a legk\u00fcl\u00f6nb\u00f6z\u0151bb projektek \u00e1ltal a marketing vil\u00e1g\u00e1t. M\u0171k\u00f6d\u00e9s\u00fcnk p\u00f6rg\u0151s \u00e9s inspir\u00e1l\u00f3, hiszen v\u00e1ltozatos \u00fcgyf\u00e9lk\u00f6r\u00fcnk lehet\u0151s\u00e9get ad arra, hogy soha [&hellip;]<\/p>\n","protected":false},"author":1,"featured_media":0,"parent":0,"menu_order":0,"comment_status":"closed","ping_status":"closed","template":"","meta":{"footnotes":""},"kategoria-oldalakhoz":[],"class_list":["post-15","page","type-page","status-publish","hentry"],"yoast_head":"<!-- This site is optimized with the Yoast SEO Premium plugin v27.1 (Yoast SEO v27.1.1) - https:\/\/yoast.com\/product\/yoast-seo-premium-wordpress\/ -->\n<title>R\u00f3lunk - Armadillo Kreat\u00edv \u00dcgyn\u00f6ks\u00e9g<\/title>\n<meta name=\"robots\" content=\"index, follow, max-snippet:-1, max-image-preview:large, max-video-preview:-1\" \/>\n<link rel=\"canonical\" href=\"https:\/\/armadillo.hu\/en\/rolunk\/\" \/>\n<meta property=\"og:locale\" content=\"en_GB\" \/>\n<meta property=\"og:type\" content=\"article\" \/>\n<meta property=\"og:title\" content=\"R\u00f3lunk\" \/>\n<meta property=\"og:description\" content=\"Ismerj meg minket! Csapatunk lend\u00fcletes \u00e9s lelkes digit\u00e1lis szakemberekb\u0151l \u00e1ll\u00f3 k\u00f6z\u00f6ss\u00e9g. Minden nap \u00faj kih\u00edv\u00e1sokkal \u00e9s lehet\u0151s\u00e9gekkel n\u00e9z\u00fcnk szembe, amikhez naprak\u00e9sz tud\u00e1ssal \u00e9s friss l\u00e1t\u00e1sm\u00f3ddal \u00e1llunk hozz\u00e1. K\u00f6nnyed\u00e9n alkalmazkodunk a gyorsan v\u00e1ltoz\u00f3 trendekhez, \u00e9s kreat\u00edvan alak\u00edtjuk a legk\u00fcl\u00f6nb\u00f6z\u0151bb projektek \u00e1ltal a marketing vil\u00e1g\u00e1t. M\u0171k\u00f6d\u00e9s\u00fcnk p\u00f6rg\u0151s \u00e9s inspir\u00e1l\u00f3, hiszen v\u00e1ltozatos \u00fcgyf\u00e9lk\u00f6r\u00fcnk lehet\u0151s\u00e9get ad arra, hogy soha [&hellip;]\" \/>\n<meta property=\"og:url\" content=\"https:\/\/armadillo.hu\/en\/rolunk\/\" \/>\n<meta property=\"og:site_name\" content=\"Armadillo Kreat\u00edv \u00dcgyn\u00f6ks\u00e9g\" \/>\n<meta property=\"article:publisher\" content=\"https:\/\/www.facebook.com\/armadillo.kreativ.ugynokseg\" \/>\n<meta property=\"article:modified_time\" content=\"2026-01-05T13:45:44+00:00\" \/>\n<meta property=\"og:image\" content=\"https:\/\/armadillo.hu\/wp-content\/uploads\/2025\/09\/armadillo-site-image.jpg\" \/>\n\t<meta property=\"og:image:width\" content=\"1024\" \/>\n\t<meta property=\"og:image:height\" content=\"570\" \/>\n\t<meta property=\"og:image:type\" content=\"image\/jpeg\" \/>\n<meta name=\"twitter:card\" content=\"summary_large_image\" \/>\n<meta name=\"twitter:label1\" content=\"Estimated reading time\" \/>\n\t<meta name=\"twitter:data1\" content=\"1 minute\" \/>\n<script type=\"application\/ld+json\" class=\"yoast-schema-graph\">{\"@context\":\"https:\/\/schema.org\",\"@graph\":[{\"@type\":\"WebPage\",\"@id\":\"https:\/\/armadillo.hu\/rolunk\/\",\"url\":\"https:\/\/armadillo.hu\/rolunk\/\",\"name\":\"R\u00f3lunk - Armadillo Kreat\u00edv \u00dcgyn\u00f6ks\u00e9g\",\"isPartOf\":{\"@id\":\"https:\/\/armadillo.hu\/#website\"},\"datePublished\":\"2025-05-23T12:39:32+00:00\",\"dateModified\":\"2026-01-05T13:45:44+00:00\",\"breadcrumb\":{\"@id\":\"https:\/\/armadillo.hu\/rolunk\/#breadcrumb\"},\"inLanguage\":\"en-GB\",\"potentialAction\":[{\"@type\":\"ReadAction\",\"target\":[\"https:\/\/armadillo.hu\/rolunk\/\"]}]},{\"@type\":\"BreadcrumbList\",\"@id\":\"https:\/\/armadillo.hu\/rolunk\/#breadcrumb\",\"itemListElement\":[{\"@type\":\"ListItem\",\"position\":1,\"name\":\"Kezd\u0151lap\",\"item\":\"https:\/\/armadillo.hu\/\"},{\"@type\":\"ListItem\",\"position\":2,\"name\":\"R\u00f3lunk\"}]},{\"@type\":\"WebSite\",\"@id\":\"https:\/\/armadillo.hu\/#website\",\"url\":\"https:\/\/armadillo.hu\/\",\"name\":\"Armadillo Kreat\u00edv \u00dcgyn\u00f6ks\u00e9g\",\"description\":\"A figyelem k\u00f6z\u00e9ppontj\u00e1ba helyezz\u00fck a m\u00e1rk\u00e1dat. Maradand\u00f3t alkotunk, szenved\u00e9llyel \u00e9s profizmussal.\",\"publisher\":{\"@id\":\"https:\/\/armadillo.hu\/#organization\"},\"potentialAction\":[{\"@type\":\"SearchAction\",\"target\":{\"@type\":\"EntryPoint\",\"urlTemplate\":\"https:\/\/armadillo.hu\/?s={search_term_string}\"},\"query-input\":{\"@type\":\"PropertyValueSpecification\",\"valueRequired\":true,\"valueName\":\"search_term_string\"}}],\"inLanguage\":\"en-GB\"},{\"@type\":\"Organization\",\"@id\":\"https:\/\/armadillo.hu\/#organization\",\"name\":\"Armadillo Kreat\u00edv \u00dcgyn\u00f6ks\u00e9g\",\"url\":\"https:\/\/armadillo.hu\/\",\"logo\":{\"@type\":\"ImageObject\",\"inLanguage\":\"en-GB\",\"@id\":\"https:\/\/armadillo.hu\/#\/schema\/logo\/image\/\",\"url\":\"https:\/\/armadillo.hu\/wp-content\/uploads\/2025\/05\/cropped-armadillo_dillo_malac.png\",\"contentUrl\":\"https:\/\/armadillo.hu\/wp-content\/uploads\/2025\/05\/cropped-armadillo_dillo_malac.png\",\"width\":512,\"height\":512,\"caption\":\"Armadillo Kreat\u00edv \u00dcgyn\u00f6ks\u00e9g\"},\"image\":{\"@id\":\"https:\/\/armadillo.hu\/#\/schema\/logo\/image\/\"},\"sameAs\":[\"https:\/\/www.facebook.com\/armadillo.kreativ.ugynokseg\"],\"description\":\"Kreat\u00edv \u00fcgyn\u00f6ks\u00e9g a R\u00f3mai-parton digit\u00e1lis szeml\u00e9lettel \u00e9s full-service megold\u00e1sokkal!\",\"email\":\"armadillo@armadillo.hu\",\"telephone\":\"+36 30 631 1938\",\"legalName\":\"Armadillo Design Kft.\",\"vatID\":\"11838995-2-41\"}]}<\/script>\n<!-- \/ Yoast SEO Premium plugin. -->","yoast_head_json":{"title":"R\u00f3lunk - Armadillo Kreat\u00edv \u00dcgyn\u00f6ks\u00e9g","robots":{"index":"index","follow":"follow","max-snippet":"max-snippet:-1","max-image-preview":"max-image-preview:large","max-video-preview":"max-video-preview:-1"},"canonical":"https:\/\/armadillo.hu\/en\/rolunk\/","og_locale":"en_GB","og_type":"article","og_title":"R\u00f3lunk","og_description":"Ismerj meg minket! Csapatunk lend\u00fcletes \u00e9s lelkes digit\u00e1lis szakemberekb\u0151l \u00e1ll\u00f3 k\u00f6z\u00f6ss\u00e9g. Minden nap \u00faj kih\u00edv\u00e1sokkal \u00e9s lehet\u0151s\u00e9gekkel n\u00e9z\u00fcnk szembe, amikhez naprak\u00e9sz tud\u00e1ssal \u00e9s friss l\u00e1t\u00e1sm\u00f3ddal \u00e1llunk hozz\u00e1. K\u00f6nnyed\u00e9n alkalmazkodunk a gyorsan v\u00e1ltoz\u00f3 trendekhez, \u00e9s kreat\u00edvan alak\u00edtjuk a legk\u00fcl\u00f6nb\u00f6z\u0151bb projektek \u00e1ltal a marketing vil\u00e1g\u00e1t. M\u0171k\u00f6d\u00e9s\u00fcnk p\u00f6rg\u0151s \u00e9s inspir\u00e1l\u00f3, hiszen v\u00e1ltozatos \u00fcgyf\u00e9lk\u00f6r\u00fcnk lehet\u0151s\u00e9get ad arra, hogy soha [&hellip;]","og_url":"https:\/\/armadillo.hu\/en\/rolunk\/","og_site_name":"Armadillo Kreat\u00edv \u00dcgyn\u00f6ks\u00e9g","article_publisher":"https:\/\/www.facebook.com\/armadillo.kreativ.ugynokseg","article_modified_time":"2026-01-05T13:45:44+00:00","og_image":[{"width":1024,"height":570,"url":"https:\/\/armadillo.hu\/wp-content\/uploads\/2025\/09\/armadillo-site-image.jpg","type":"image\/jpeg"}],"twitter_card":"summary_large_image","twitter_misc":{"Estimated reading time":"1 minute"},"schema":{"@context":"https:\/\/schema.org","@graph":[{"@type":"WebPage","@id":"https:\/\/armadillo.hu\/rolunk\/","url":"https:\/\/armadillo.hu\/rolunk\/","name":"R\u00f3lunk - Armadillo Kreat\u00edv \u00dcgyn\u00f6ks\u00e9g","isPartOf":{"@id":"https:\/\/armadillo.hu\/#website"},"datePublished":"2025-05-23T12:39:32+00:00","dateModified":"2026-01-05T13:45:44+00:00","breadcrumb":{"@id":"https:\/\/armadillo.hu\/rolunk\/#breadcrumb"},"inLanguage":"en-GB","potentialAction":[{"@type":"ReadAction","target":["https:\/\/armadillo.hu\/rolunk\/"]}]},{"@type":"BreadcrumbList","@id":"https:\/\/armadillo.hu\/rolunk\/#breadcrumb","itemListElement":[{"@type":"ListItem","position":1,"name":"Kezd\u0151lap","item":"https:\/\/armadillo.hu\/"},{"@type":"ListItem","position":2,"name":"R\u00f3lunk"}]},{"@type":"WebSite","@id":"https:\/\/armadillo.hu\/#website","url":"https:\/\/armadillo.hu\/","name":"Armadillo Kreat\u00edv \u00dcgyn\u00f6ks\u00e9g","description":"A figyelem k\u00f6z\u00e9ppontj\u00e1ba helyezz\u00fck a m\u00e1rk\u00e1dat. Maradand\u00f3t alkotunk, szenved\u00e9llyel \u00e9s profizmussal.","publisher":{"@id":"https:\/\/armadillo.hu\/#organization"},"potentialAction":[{"@type":"SearchAction","target":{"@type":"EntryPoint","urlTemplate":"https:\/\/armadillo.hu\/?s={search_term_string}"},"query-input":{"@type":"PropertyValueSpecification","valueRequired":true,"valueName":"search_term_string"}}],"inLanguage":"en-GB"},{"@type":"Organization","@id":"https:\/\/armadillo.hu\/#organization","name":"Armadillo Kreat\u00edv \u00dcgyn\u00f6ks\u00e9g","url":"https:\/\/armadillo.hu\/","logo":{"@type":"ImageObject","inLanguage":"en-GB","@id":"https:\/\/armadillo.hu\/#\/schema\/logo\/image\/","url":"https:\/\/armadillo.hu\/wp-content\/uploads\/2025\/05\/cropped-armadillo_dillo_malac.png","contentUrl":"https:\/\/armadillo.hu\/wp-content\/uploads\/2025\/05\/cropped-armadillo_dillo_malac.png","width":512,"height":512,"caption":"Armadillo Kreat\u00edv \u00dcgyn\u00f6ks\u00e9g"},"image":{"@id":"https:\/\/armadillo.hu\/#\/schema\/logo\/image\/"},"sameAs":["https:\/\/www.facebook.com\/armadillo.kreativ.ugynokseg"],"description":"Kreat\u00edv \u00fcgyn\u00f6ks\u00e9g a R\u00f3mai-parton digit\u00e1lis szeml\u00e9lettel \u00e9s full-service megold\u00e1sokkal!","email":"armadillo@armadillo.hu","telephone":"+36 30 631 1938","legalName":"Armadillo Design Kft.","vatID":"11838995-2-41"}]}},"_links":{"self":[{"href":"https:\/\/armadillo.hu\/en\/wp-json\/wp\/v2\/pages\/15","targetHints":{"allow":["GET"]}}],"collection":[{"href":"https:\/\/armadillo.hu\/en\/wp-json\/wp\/v2\/pages"}],"about":[{"href":"https:\/\/armadillo.hu\/en\/wp-json\/wp\/v2\/types\/page"}],"author":[{"embeddable":true,"href":"https:\/\/armadillo.hu\/en\/wp-json\/wp\/v2\/users\/1"}],"replies":[{"embeddable":true,"href":"https:\/\/armadillo.hu\/en\/wp-json\/wp\/v2\/comments?post=15"}],"version-history":[{"count":64,"href":"https:\/\/armadillo.hu\/en\/wp-json\/wp\/v2\/pages\/15\/revisions"}],"predecessor-version":[{"id":2746,"href":"https:\/\/armadillo.hu\/en\/wp-json\/wp\/v2\/pages\/15\/revisions\/2746"}],"wp:attachment":[{"href":"https:\/\/armadillo.hu\/en\/wp-json\/wp\/v2\/media?parent=15"}],"wp:term":[{"taxonomy":"kategoria-oldalakhoz","embeddable":true,"href":"https:\/\/armadillo.hu\/en\/wp-json\/wp\/v2\/kategoria-oldalakhoz?post=15"}],"curies":[{"name":"wp","href":"https:\/\/api.w.org\/{rel}","templated":true}]}}