{"id":23,"date":"2025-05-23T12:48:36","date_gmt":"2025-05-23T12:48:36","guid":{"rendered":"https:\/\/armadillo.hu\/?page_id=23"},"modified":"2025-09-10T17:52:51","modified_gmt":"2025-09-10T17:52:51","slug":"contact","status":"publish","type":"page","link":"https:\/\/armadillo.hu\/en\/kapcsolat\/","title":{"rendered":"Kapcsolat"},"content":{"rendered":"\t\t<div data-elementor-type=\"wp-page\" data-elementor-id=\"23\" class=\"elementor elementor-23\" data-elementor-post-type=\"page\">\n\t\t\t\t<div class=\"elementor-element elementor-element-dd96956 e-flex e-con-boxed e-con e-parent\" data-id=\"dd96956\" data-element_type=\"container\" data-e-type=\"container\" data-settings=\"{&quot;background_background&quot;:&quot;classic&quot;}\">\n\t\t\t\t\t<div class=\"e-con-inner\">\n\t\t\t\t<div class=\"elementor-element elementor-element-0ff02ed elementor-widget-laptop__width-initial elementor-widget elementor-widget-heading\" data-id=\"0ff02ed\" data-element_type=\"widget\" data-e-type=\"widget\" data-widget_type=\"heading.default\">\n\t\t\t\t<div class=\"elementor-widget-container\">\n\t\t\t\t\t<h1 class=\"elementor-heading-title elementor-size-default\">L\u00e9pj vel\u00fcnk <br>kapcsolatba!<\/h1>\t\t\t\t<\/div>\n\t\t\t\t<\/div>\n\t\t<div class=\"elementor-element elementor-element-c8bfe2d e-con-full e-grid e-con e-child\" data-id=\"c8bfe2d\" data-element_type=\"container\" data-e-type=\"container\">\n\t\t\t\t<div class=\"elementor-element elementor-element-a789b8e elementor-widget elementor-widget-text-editor\" data-id=\"a789b8e\" data-element_type=\"widget\" data-e-type=\"widget\" data-widget_type=\"text-editor.default\">\n\t\t\t\t<div class=\"elementor-widget-container\">\n\t\t\t\t\t\t\t\t\t<p>T\u00f6ltsd ki ezt az \u0171rlapot <br \/>\u00e9s kezdj\u00fcnk valami \u00fajat!<\/p>\t\t\t\t\t\t\t\t<\/div>\n\t\t\t\t<\/div>\n\t\t\t\t<div class=\"elementor-element elementor-element-5be57de elementor-widget elementor-widget-jet-engine-booking-form\" data-id=\"5be57de\" data-element_type=\"widget\" data-e-type=\"widget\" data-widget_type=\"jet-engine-booking-form.default\">\n\t\t\t\t<div class=\"elementor-widget-container\">\n\t\t\t\t\t<form  class=\"jet-form layout-column submit-type-reload\" action=\"\/en\/wp-json\/wp\/v2\/pages\/23?jet_engine_action=book&#038;nocache=1775757349\" method=\"POST\" data-form-id=\"511\"><input class=\"jet-form__field hidden-field\" type=\"hidden\" name=\"_jet_engine_booking_form_id\" value=\"511\" data-field-name=\"_jet_engine_booking_form_id\"><input class=\"jet-form__field hidden-field\" type=\"hidden\" name=\"_jet_engine_refer\" value=\"https:\/\/armadillo.hu\/en\/wp-json\/wp\/v2\/pages\/23\" data-field-name=\"_jet_engine_refer\"><div  class=\"jet-form-row jet-form-row--hidden\"><div class=\"jet-form-col jet-form-col-12  field-type-hidden  jet-form-field-container\" data-field=\"post_id\" data-conditional=\"false\"><input class=\"jet-form__field hidden-field\" type=\"hidden\" name=\"post_id\" value=\"23\" data-field-name=\"post_id\"><\/div><\/div><div  class=\"jet-form-row jet-form-row--hidden\"><div class=\"jet-form-col jet-form-col-12  field-type-hidden  jet-form-field-container\" data-field=\"field_datum\" data-conditional=\"false\"><input class=\"jet-form__field hidden-field\" type=\"hidden\" name=\"field_datum\" value=\"2026-04-09 5:55 pm\" data-field-name=\"field_datum\"><\/div><\/div><div  class=\"jet-form-row jet-form-row--first-visible\"><div class=\"jet-form-col jet-form-col-12  field-type-text  jet-form-field-container\" data-field=\"field_nev\" data-conditional=\"false\"><input class=\"jet-form__field text-field \" placeholder=\"N\u00e9v\" value=\"\" required=\"required\" name=\"field_nev\" id=\"field_nev\" type=\"text\" data-field-name=\"field_nev\"><\/div><\/div><div  class=\"jet-form-row\"><div class=\"jet-form-col jet-form-col-12  field-type-text  jet-form-field-container\" data-field=\"field_email\" data-conditional=\"false\"><input class=\"jet-form__field text-field \" placeholder=\"Email\" value=\"\" required=\"required\" name=\"field_email\" id=\"field_email\" type=\"email\" data-field-name=\"field_email\"><\/div><\/div><div  class=\"jet-form-row\"><div class=\"jet-form-col jet-form-col-12  field-type-text  jet-form-field-container\" data-field=\"field_telefonszam\" data-conditional=\"false\"><input class=\"jet-form__field text-field \" placeholder=\"Telefonsz\u00e1m\" value=\"\" required=\"required\" name=\"field_telefonszam\" id=\"field_telefonszam\" type=\"tel\" data-field-name=\"field_telefonszam\"><\/div><\/div><div  class=\"jet-form-row\"><div class=\"jet-form-col jet-form-col-12  field-type-text  jet-form-field-container\" data-field=\"field_targy\" data-conditional=\"false\"><div class=\"jet-form__label\">\n\t<span class=\"jet-form__label-text\" >Megkeres\u00e9s t\u00e1rgya: <span class=\"jet-form__required\">*<\/span><\/span>\n\t<\/div><input class=\"jet-form__field text-field \" placeholder=\"Megkeres\u00e9s t\u00e1rgya\" value=\"Kapcsolat\" required=\"required\" name=\"field_targy\" id=\"field_targy\" type=\"text\" data-field-name=\"field_targy\"><\/div><\/div><div  class=\"jet-form-row\"><div class=\"jet-form-col jet-form-col-12  field-type-textarea  jet-form-field-container\" data-field=\"field_megjegyzes\" data-conditional=\"false\"><textarea class=\"jet-form__field textarea-field\" placeholder=\"Megjegyz\u00e9s\" name=\"field_megjegyzes\" data-field-name=\"field_megjegyzes\" id=\"field_megjegyzes\"><\/textarea><\/div><\/div><div  class=\"jet-form-row\"><div class=\"jet-form-col jet-form-col-12  field-type-checkboxes  jet-form-field-container\" data-field=\"field_adatkezeles\" data-conditional=\"false\"><div class=\"jet-form__fields-group checkradio-wrap\">\t\t<div class=\"jet-form__field-wrap checkboxes-wrap checkradio-wrap\">\n\t\t\t\t\t\t<label class=\"jet-form__field-label\">\n\t\t\t\t<input\n\t\t\t\t\ttype=\"checkbox\"\n\t\t\t\t\tname=\"field_adatkezeles\"\n\t\t\t\t\tclass=\"jet-form__field checkboxes-field checkradio-field checkboxes-required\"\n\t\t\t\t\tvalue=\"igen\"\n\t\t\t\t\tdata-field-name=\"field_adatkezeles\"\n\t\t\t\t\t\t\t\t\t\trequired=\"required\"\t\t\t\t\t\t\t\t\t>\n\t\t\t\tHozz\u00e1j\u00e1rulok ahhoz, hogy adataimat kapcsolatfelv\u00e9tel c\u00e9lj\u00e1b\u00f3l kezelhess\u00e9k, elolvastam \u00e9s elfogadom az <a href=\"\/adatkezelesi-tajekoztato\/\" style=\"color:#27B7DD\">Adatv\u00e9delmi nyilatkozat<\/a>ot.\t\t\t<\/label>\n\t\t<\/div>\n\t\t<\/div><\/div><\/div><div  class=\"jet-form-row jet-form-row--submit\"><div class=\"jet-form-col jet-form-col-12  field-type-submit  jet-form-field-container\" data-field=\"Submit\" data-conditional=\"false\"><div class=\"jet-form__submit-wrap\">\n\t\t<button class=\"jet-form__submit submit-type-reload\" type=\"submit\">K\u00dcLD\u00c9S<\/button>\n<\/div><\/div><\/div><script id=\"jet-engine-recaptcha-js\" src=\"https:\/\/www.google.com\/recaptcha\/api.js?render=6LdGECYdAAAAAFkrnOgvYlMm6-hJd78nxK8C_4ah\"><\/script>\t\t\t<input type=\"hidden\" class=\"captcha-token\" name=\"_captcha_token\" value=\"\">\n\t\t\t<script>\n\n\t\t\t\tif ( ! window.JetEngineFormCaptcha ) {\n\t\t\t\t\twindow.JetEngineFormCaptcha = function( formID ) {\n\t\t\t\t\t\tvar $script  = document.querySelector( 'script#jet-engine-recaptcha-js' ),\n\t\t\t\t\t\t\t$cpField = document.querySelector( 'form[data-form-id=\"' + formID + '\"] .captcha-token' );\n\n\t\t\t\t\t\tfunction setFormToken() {\n\t\t\t\t\t\t\tif ( window.JetEngineFormToken ) {\n\t\t\t\t\t\t\t\t$cpField.value = window.JetEngineFormToken;\n\t\t\t\t\t\t\t} else if ( window.grecaptcha ) {\n\t\t\t\t\t\t\t\twindow.grecaptcha.ready( function() {\n\t\t\t\t\t\t\t\t\tgrecaptcha.execute(\n\t\t\t\t\t\t\t\t\t\t'6LdGECYdAAAAAFkrnOgvYlMm6-hJd78nxK8C_4ah',\n\t\t\t\t\t\t\t\t\t\t{\n\t\t\t\t\t\t\t\t\t\t\taction: 'submit_form'\n\t\t\t\t\t\t\t\t\t\t}\n\t\t\t\t\t\t\t\t\t).then( function( token ) {\n\t\t\t\t\t\t\t\t\t\t$cpField.value = token;\n\t\t\t\t\t\t\t\t\t\twindow.JetEngineFormToken = token;\n\t\t\t\t\t\t\t\t\t} );\n\t\t\t\t\t\t\t\t} );\n\t\t\t\t\t\t\t}\n\t\t\t\t\t\t}\n\n\t\t\t\t\t\tif ( ! $cpField ) {\n\t\t\t\t\t\t\treturn;\n\t\t\t\t\t\t}\n\n\t\t\t\t\t\tif ( ! $script ) {\n\n\t\t\t\t\t\t\t$script = document.createElement( 'script' );\n\n\t\t\t\t\t\t\t$script.id  = 'jet-engine-recaptcha-js';\n\t\t\t\t\t\t\t$script.src = 'https:\/\/www.google.com\/recaptcha\/api.js?render=6LdGECYdAAAAAFkrnOgvYlMm6-hJd78nxK8C_4ah';\n\n\t\t\t\t\t\t\t$cpField.parentNode.insertBefore( $script, $cpField );\n\n\t\t\t\t\t\t\t$script.onload = function() {\n\t\t\t\t\t\t\t\tsetFormToken();\n\t\t\t\t\t\t\t};\n\n\t\t\t\t\t\t} else {\n\t\t\t\t\t\t\tsetFormToken();\n\t\t\t\t\t\t}\n\n\t\t\t\t\t}\n\t\t\t\t}\n\n\t\t\t\twindow.JetEngineFormCaptcha( 511 );\n\n\t\t\t\tjQuery( window ).on( 'jet-popup\/show-event\/after-show', function () {\n\n\t\t\t\t\twindow.JetEngineFormCaptcha( 511 );\n\n\t\t\t\t} );\n\t\t\t<\/script>\n\t\t\t<input class=\"jet-form__field hidden-field\" type=\"hidden\" name=\"_jet_engine_nonce\" value=\"392cc26343\" data-field-name=\"_jet_engine_nonce\"><\/form>\t\t\t\t<\/div>\n\t\t\t\t<\/div>\n\t\t\t\t<\/div>\n\t\t\t\t\t<\/div>\n\t\t\t\t<\/div>\n\t\t<div class=\"elementor-element elementor-element-7ff73f4 e-grid e-con-boxed e-con e-parent\" data-id=\"7ff73f4\" data-element_type=\"container\" data-e-type=\"container\">\n\t\t\t\t\t<div class=\"e-con-inner\">\n\t\t<div class=\"elementor-element elementor-element-309133f e-con-full e-flex e-con e-child\" data-id=\"309133f\" data-element_type=\"container\" data-e-type=\"container\">\n\t\t\t\t<div class=\"elementor-element elementor-element-88cf6c6 elementor-widget elementor-widget-heading\" data-id=\"88cf6c6\" data-element_type=\"widget\" data-e-type=\"widget\" data-widget_type=\"heading.default\">\n\t\t\t\t<div class=\"elementor-widget-container\">\n\t\t\t\t\t<h2 class=\"elementor-heading-title elementor-size-default\">C\u00e9gadatok<\/h2>\t\t\t\t<\/div>\n\t\t\t\t<\/div>\n\t\t\t\t<div class=\"elementor-element elementor-element-d234f71 elementor-widget elementor-widget-text-editor\" data-id=\"d234f71\" data-element_type=\"widget\" data-e-type=\"widget\" data-widget_type=\"text-editor.default\">\n\t\t\t\t<div class=\"elementor-widget-container\">\n\t\t\t\t\t\t\t\t\t<p>C\u00e9gn\u00e9v: <strong>Armadillo Design Kft.<\/strong><\/p><p>Sz\u00e9khely: <strong>1043 Budapest, Cs\u00e1nyi L\u00e1szl\u00f3 u. 27.<\/strong><\/p><p>Telephely: <strong>1039 Budapest, \u0150rtorony utca 13.<\/strong><\/p><p>Ad\u00f3sz\u00e1m: <strong>11838995-2-41<\/strong><\/p><p>C\u00e9gjegyz\u00e9ksz\u00e1m: <strong>01-09-679169<\/strong><\/p><p>Banksz\u00e1mlasz\u00e1m: <strong>10102244-33946600-00000005<\/strong><\/p><p>Nyitva tart\u00e1s: <strong>H\u00e9tf\u0151 \u2013 P\u00e9ntek: 9:00-17:00<\/strong><\/p>\t\t\t\t\t\t\t\t<\/div>\n\t\t\t\t<\/div>\n\t\t\t\t<\/div>\n\t\t<div class=\"elementor-element elementor-element-3f372ad e-con-full e-flex e-con e-child\" data-id=\"3f372ad\" data-element_type=\"container\" data-e-type=\"container\">\n\t\t\t\t<div class=\"elementor-element elementor-element-e0eae32 elementor-widget elementor-widget-google_maps\" data-id=\"e0eae32\" data-element_type=\"widget\" data-e-type=\"widget\" data-widget_type=\"google_maps.default\">\n\t\t\t\t<div class=\"elementor-widget-container\">\n\t\t\t\t\t\t\t<div class=\"elementor-custom-embed\">\n\t\t\t<iframe loading=\"lazy\"\n\t\t\t\t\tsrc=\"https:\/\/maps.google.com\/maps?q=Armadillo%20Kreat%C3%ADv%20%C3%9Cgyn%C3%B6ks%C3%A9g&#038;t=m&#038;z=14&#038;output=embed&#038;iwloc=near\"\n\t\t\t\t\ttitle=\"Armadillo Kreat\u00edv \u00dcgyn\u00f6ks\u00e9g\"\n\t\t\t\t\taria-label=\"Armadillo Kreat\u00edv \u00dcgyn\u00f6ks\u00e9g\"\n\t\t\t><\/iframe>\n\t\t<\/div>\n\t\t\t\t\t\t<\/div>\n\t\t\t\t<\/div>\n\t\t\t\t<\/div>\n\t\t\t\t\t<\/div>\n\t\t\t\t<\/div>\n\t\t\t\t<\/div>\n\t\t","protected":false},"excerpt":{"rendered":"<p>L\u00e9pj vel\u00fcnk kapcsolatba! T\u00f6ltsd ki ezt az \u0171rlapot \u00e9s kezdj\u00fcnk valami \u00fajat! Megkeres\u00e9s t\u00e1rgya: * Hozz\u00e1j\u00e1rulok ahhoz, hogy adataimat kapcsolatfelv\u00e9tel c\u00e9lj\u00e1b\u00f3l kezelhess\u00e9k, elolvastam \u00e9s elfogadom az Adatv\u00e9delmi nyilatkozatot. K\u00dcLD\u00c9S C\u00e9gadatok C\u00e9gn\u00e9v: Armadillo Design Kft. Sz\u00e9khely: 1043 Budapest, Cs\u00e1nyi L\u00e1szl\u00f3 u. 27. Telephely: 1039 Budapest, \u0150rtorony utca 13. Ad\u00f3sz\u00e1m: 11838995-2-41 C\u00e9gjegyz\u00e9ksz\u00e1m: 01-09-679169 Banksz\u00e1mlasz\u00e1m: 10102244-33946600-00000005 Nyitva tart\u00e1s: [&hellip;]<\/p>\n","protected":false},"author":1,"featured_media":0,"parent":0,"menu_order":0,"comment_status":"closed","ping_status":"closed","template":"","meta":{"footnotes":""},"kategoria-oldalakhoz":[],"class_list":["post-23","page","type-page","status-publish","hentry"],"yoast_head":"<!-- This site is optimized with the Yoast SEO Premium plugin v27.1 (Yoast SEO v27.1.1) - https:\/\/yoast.com\/product\/yoast-seo-premium-wordpress\/ -->\n<title>Kapcsolat - Armadillo Kreat\u00edv \u00dcgyn\u00f6ks\u00e9g<\/title>\n<meta name=\"robots\" content=\"index, follow, max-snippet:-1, max-image-preview:large, max-video-preview:-1\" \/>\n<link rel=\"canonical\" href=\"https:\/\/armadillo.hu\/en\/contact\/\" \/>\n<meta property=\"og:locale\" content=\"en_GB\" \/>\n<meta property=\"og:type\" content=\"article\" \/>\n<meta property=\"og:title\" content=\"Kapcsolat\" \/>\n<meta property=\"og:description\" content=\"L\u00e9pj vel\u00fcnk kapcsolatba! T\u00f6ltsd ki ezt az \u0171rlapot \u00e9s kezdj\u00fcnk valami \u00fajat! Megkeres\u00e9s t\u00e1rgya: * Hozz\u00e1j\u00e1rulok ahhoz, hogy adataimat kapcsolatfelv\u00e9tel c\u00e9lj\u00e1b\u00f3l kezelhess\u00e9k, elolvastam \u00e9s elfogadom az Adatv\u00e9delmi nyilatkozatot. K\u00dcLD\u00c9S C\u00e9gadatok C\u00e9gn\u00e9v: Armadillo Design Kft. Sz\u00e9khely: 1043 Budapest, Cs\u00e1nyi L\u00e1szl\u00f3 u. 27. Telephely: 1039 Budapest, \u0150rtorony utca 13. Ad\u00f3sz\u00e1m: 11838995-2-41 C\u00e9gjegyz\u00e9ksz\u00e1m: 01-09-679169 Banksz\u00e1mlasz\u00e1m: 10102244-33946600-00000005 Nyitva tart\u00e1s: [&hellip;]\" \/>\n<meta property=\"og:url\" content=\"https:\/\/armadillo.hu\/en\/contact\/\" \/>\n<meta property=\"og:site_name\" content=\"Armadillo Kreat\u00edv \u00dcgyn\u00f6ks\u00e9g\" \/>\n<meta property=\"article:publisher\" content=\"https:\/\/www.facebook.com\/armadillo.kreativ.ugynokseg\" \/>\n<meta property=\"article:modified_time\" content=\"2025-09-10T17:52:51+00:00\" \/>\n<meta property=\"og:image\" content=\"https:\/\/armadillo.hu\/wp-content\/uploads\/2025\/09\/armadillo-site-image.jpg\" \/>\n\t<meta property=\"og:image:width\" content=\"1024\" \/>\n\t<meta property=\"og:image:height\" content=\"570\" \/>\n\t<meta property=\"og:image:type\" content=\"image\/jpeg\" \/>\n<meta name=\"twitter:card\" content=\"summary_large_image\" \/>\n<meta name=\"twitter:label1\" content=\"Estimated reading time\" \/>\n\t<meta name=\"twitter:data1\" content=\"1 minute\" \/>\n<script type=\"application\/ld+json\" class=\"yoast-schema-graph\">{\"@context\":\"https:\/\/schema.org\",\"@graph\":[{\"@type\":\"WebPage\",\"@id\":\"https:\/\/armadillo.hu\/kapcsolat\/\",\"url\":\"https:\/\/armadillo.hu\/kapcsolat\/\",\"name\":\"Kapcsolat - Armadillo Kreat\u00edv \u00dcgyn\u00f6ks\u00e9g\",\"isPartOf\":{\"@id\":\"https:\/\/armadillo.hu\/#website\"},\"datePublished\":\"2025-05-23T12:48:36+00:00\",\"dateModified\":\"2025-09-10T17:52:51+00:00\",\"breadcrumb\":{\"@id\":\"https:\/\/armadillo.hu\/kapcsolat\/#breadcrumb\"},\"inLanguage\":\"en-GB\",\"potentialAction\":[{\"@type\":\"ReadAction\",\"target\":[\"https:\/\/armadillo.hu\/kapcsolat\/\"]}]},{\"@type\":\"BreadcrumbList\",\"@id\":\"https:\/\/armadillo.hu\/kapcsolat\/#breadcrumb\",\"itemListElement\":[{\"@type\":\"ListItem\",\"position\":1,\"name\":\"Kezd\u0151lap\",\"item\":\"https:\/\/armadillo.hu\/\"},{\"@type\":\"ListItem\",\"position\":2,\"name\":\"Kapcsolat\"}]},{\"@type\":\"WebSite\",\"@id\":\"https:\/\/armadillo.hu\/#website\",\"url\":\"https:\/\/armadillo.hu\/\",\"name\":\"Armadillo Kreat\u00edv \u00dcgyn\u00f6ks\u00e9g\",\"description\":\"A figyelem k\u00f6z\u00e9ppontj\u00e1ba helyezz\u00fck a m\u00e1rk\u00e1dat. Maradand\u00f3t alkotunk, szenved\u00e9llyel \u00e9s profizmussal.\",\"publisher\":{\"@id\":\"https:\/\/armadillo.hu\/#organization\"},\"potentialAction\":[{\"@type\":\"SearchAction\",\"target\":{\"@type\":\"EntryPoint\",\"urlTemplate\":\"https:\/\/armadillo.hu\/?s={search_term_string}\"},\"query-input\":{\"@type\":\"PropertyValueSpecification\",\"valueRequired\":true,\"valueName\":\"search_term_string\"}}],\"inLanguage\":\"en-GB\"},{\"@type\":\"Organization\",\"@id\":\"https:\/\/armadillo.hu\/#organization\",\"name\":\"Armadillo Kreat\u00edv \u00dcgyn\u00f6ks\u00e9g\",\"url\":\"https:\/\/armadillo.hu\/\",\"logo\":{\"@type\":\"ImageObject\",\"inLanguage\":\"en-GB\",\"@id\":\"https:\/\/armadillo.hu\/#\/schema\/logo\/image\/\",\"url\":\"https:\/\/armadillo.hu\/wp-content\/uploads\/2025\/05\/cropped-armadillo_dillo_malac.png\",\"contentUrl\":\"https:\/\/armadillo.hu\/wp-content\/uploads\/2025\/05\/cropped-armadillo_dillo_malac.png\",\"width\":512,\"height\":512,\"caption\":\"Armadillo Kreat\u00edv \u00dcgyn\u00f6ks\u00e9g\"},\"image\":{\"@id\":\"https:\/\/armadillo.hu\/#\/schema\/logo\/image\/\"},\"sameAs\":[\"https:\/\/www.facebook.com\/armadillo.kreativ.ugynokseg\"],\"description\":\"Kreat\u00edv \u00fcgyn\u00f6ks\u00e9g a R\u00f3mai-parton digit\u00e1lis szeml\u00e9lettel \u00e9s full-service megold\u00e1sokkal!\",\"email\":\"armadillo@armadillo.hu\",\"telephone\":\"+36 30 631 1938\",\"legalName\":\"Armadillo Design Kft.\",\"vatID\":\"11838995-2-41\"}]}<\/script>\n<!-- \/ Yoast SEO Premium plugin. -->","yoast_head_json":{"title":"Kapcsolat - Armadillo Kreat\u00edv \u00dcgyn\u00f6ks\u00e9g","robots":{"index":"index","follow":"follow","max-snippet":"max-snippet:-1","max-image-preview":"max-image-preview:large","max-video-preview":"max-video-preview:-1"},"canonical":"https:\/\/armadillo.hu\/en\/contact\/","og_locale":"en_GB","og_type":"article","og_title":"Kapcsolat","og_description":"L\u00e9pj vel\u00fcnk kapcsolatba! T\u00f6ltsd ki ezt az \u0171rlapot \u00e9s kezdj\u00fcnk valami \u00fajat! Megkeres\u00e9s t\u00e1rgya: * Hozz\u00e1j\u00e1rulok ahhoz, hogy adataimat kapcsolatfelv\u00e9tel c\u00e9lj\u00e1b\u00f3l kezelhess\u00e9k, elolvastam \u00e9s elfogadom az Adatv\u00e9delmi nyilatkozatot. K\u00dcLD\u00c9S C\u00e9gadatok C\u00e9gn\u00e9v: Armadillo Design Kft. Sz\u00e9khely: 1043 Budapest, Cs\u00e1nyi L\u00e1szl\u00f3 u. 27. Telephely: 1039 Budapest, \u0150rtorony utca 13. Ad\u00f3sz\u00e1m: 11838995-2-41 C\u00e9gjegyz\u00e9ksz\u00e1m: 01-09-679169 Banksz\u00e1mlasz\u00e1m: 10102244-33946600-00000005 Nyitva tart\u00e1s: [&hellip;]","og_url":"https:\/\/armadillo.hu\/en\/contact\/","og_site_name":"Armadillo Kreat\u00edv \u00dcgyn\u00f6ks\u00e9g","article_publisher":"https:\/\/www.facebook.com\/armadillo.kreativ.ugynokseg","article_modified_time":"2025-09-10T17:52:51+00:00","og_image":[{"width":1024,"height":570,"url":"https:\/\/armadillo.hu\/wp-content\/uploads\/2025\/09\/armadillo-site-image.jpg","type":"image\/jpeg"}],"twitter_card":"summary_large_image","twitter_misc":{"Estimated reading time":"1 minute"},"schema":{"@context":"https:\/\/schema.org","@graph":[{"@type":"WebPage","@id":"https:\/\/armadillo.hu\/kapcsolat\/","url":"https:\/\/armadillo.hu\/kapcsolat\/","name":"Kapcsolat - Armadillo Kreat\u00edv \u00dcgyn\u00f6ks\u00e9g","isPartOf":{"@id":"https:\/\/armadillo.hu\/#website"},"datePublished":"2025-05-23T12:48:36+00:00","dateModified":"2025-09-10T17:52:51+00:00","breadcrumb":{"@id":"https:\/\/armadillo.hu\/kapcsolat\/#breadcrumb"},"inLanguage":"en-GB","potentialAction":[{"@type":"ReadAction","target":["https:\/\/armadillo.hu\/kapcsolat\/"]}]},{"@type":"BreadcrumbList","@id":"https:\/\/armadillo.hu\/kapcsolat\/#breadcrumb","itemListElement":[{"@type":"ListItem","position":1,"name":"Kezd\u0151lap","item":"https:\/\/armadillo.hu\/"},{"@type":"ListItem","position":2,"name":"Kapcsolat"}]},{"@type":"WebSite","@id":"https:\/\/armadillo.hu\/#website","url":"https:\/\/armadillo.hu\/","name":"Armadillo Kreat\u00edv \u00dcgyn\u00f6ks\u00e9g","description":"A figyelem k\u00f6z\u00e9ppontj\u00e1ba helyezz\u00fck a m\u00e1rk\u00e1dat. Maradand\u00f3t alkotunk, szenved\u00e9llyel \u00e9s profizmussal.","publisher":{"@id":"https:\/\/armadillo.hu\/#organization"},"potentialAction":[{"@type":"SearchAction","target":{"@type":"EntryPoint","urlTemplate":"https:\/\/armadillo.hu\/?s={search_term_string}"},"query-input":{"@type":"PropertyValueSpecification","valueRequired":true,"valueName":"search_term_string"}}],"inLanguage":"en-GB"},{"@type":"Organization","@id":"https:\/\/armadillo.hu\/#organization","name":"Armadillo Kreat\u00edv \u00dcgyn\u00f6ks\u00e9g","url":"https:\/\/armadillo.hu\/","logo":{"@type":"ImageObject","inLanguage":"en-GB","@id":"https:\/\/armadillo.hu\/#\/schema\/logo\/image\/","url":"https:\/\/armadillo.hu\/wp-content\/uploads\/2025\/05\/cropped-armadillo_dillo_malac.png","contentUrl":"https:\/\/armadillo.hu\/wp-content\/uploads\/2025\/05\/cropped-armadillo_dillo_malac.png","width":512,"height":512,"caption":"Armadillo Kreat\u00edv \u00dcgyn\u00f6ks\u00e9g"},"image":{"@id":"https:\/\/armadillo.hu\/#\/schema\/logo\/image\/"},"sameAs":["https:\/\/www.facebook.com\/armadillo.kreativ.ugynokseg"],"description":"Kreat\u00edv \u00fcgyn\u00f6ks\u00e9g a R\u00f3mai-parton digit\u00e1lis szeml\u00e9lettel \u00e9s full-service megold\u00e1sokkal!","email":"armadillo@armadillo.hu","telephone":"+36 30 631 1938","legalName":"Armadillo Design Kft.","vatID":"11838995-2-41"}]}},"_links":{"self":[{"href":"https:\/\/armadillo.hu\/en\/wp-json\/wp\/v2\/pages\/23","targetHints":{"allow":["GET"]}}],"collection":[{"href":"https:\/\/armadillo.hu\/en\/wp-json\/wp\/v2\/pages"}],"about":[{"href":"https:\/\/armadillo.hu\/en\/wp-json\/wp\/v2\/types\/page"}],"author":[{"embeddable":true,"href":"https:\/\/armadillo.hu\/en\/wp-json\/wp\/v2\/users\/1"}],"replies":[{"embeddable":true,"href":"https:\/\/armadillo.hu\/en\/wp-json\/wp\/v2\/comments?post=23"}],"version-history":[{"count":73,"href":"https:\/\/armadillo.hu\/en\/wp-json\/wp\/v2\/pages\/23\/revisions"}],"predecessor-version":[{"id":2072,"href":"https:\/\/armadillo.hu\/en\/wp-json\/wp\/v2\/pages\/23\/revisions\/2072"}],"wp:attachment":[{"href":"https:\/\/armadillo.hu\/en\/wp-json\/wp\/v2\/media?parent=23"}],"wp:term":[{"taxonomy":"kategoria-oldalakhoz","embeddable":true,"href":"https:\/\/armadillo.hu\/en\/wp-json\/wp\/v2\/kategoria-oldalakhoz?post=23"}],"curies":[{"name":"wp","href":"https:\/\/api.w.org\/{rel}","templated":true}]}}