{"id":25,"date":"2025-05-23T12:49:03","date_gmt":"2025-05-23T12:49:03","guid":{"rendered":"https:\/\/armadillo.hu\/?page_id=25"},"modified":"2025-09-10T18:08:40","modified_gmt":"2025-09-10T18:08:40","slug":"karrier","status":"publish","type":"page","link":"https:\/\/armadillo.hu\/en\/karrier\/","title":{"rendered":"Karrier"},"content":{"rendered":"\t\t<div data-elementor-type=\"wp-page\" data-elementor-id=\"25\" class=\"elementor elementor-25\" data-elementor-post-type=\"page\">\n\t\t\t\t<div class=\"elementor-element elementor-element-3001a8e e-flex e-con-boxed e-con e-parent\" data-id=\"3001a8e\" data-element_type=\"container\" data-e-type=\"container\">\n\t\t\t\t\t<div class=\"e-con-inner\">\n\t\t\t\t<div class=\"elementor-element elementor-element-5604c11 elementor-widget elementor-widget-heading\" data-id=\"5604c11\" data-element_type=\"widget\" data-e-type=\"widget\" data-widget_type=\"heading.default\">\n\t\t\t\t<div class=\"elementor-widget-container\">\n\t\t\t\t\t<h2 class=\"elementor-heading-title elementor-size-default\">Csatlakozz hozz\u00e1nk<\/h2>\t\t\t\t<\/div>\n\t\t\t\t<\/div>\n\t\t\t\t\t<\/div>\n\t\t\t\t<\/div>\n\t\t<div class=\"elementor-element elementor-element-ef5343f e-flex e-con-boxed e-con e-parent\" data-id=\"ef5343f\" data-element_type=\"container\" data-e-type=\"container\">\n\t\t\t\t\t<div class=\"e-con-inner\">\n\t\t\t\t<div class=\"elementor-element elementor-element-74746a5 lstng_hvr elementor-widget elementor-widget-jet-listing-grid\" data-id=\"74746a5\" data-element_type=\"widget\" data-e-type=\"widget\" data-settings=\"{&quot;columns&quot;:3,&quot;columns_tablet&quot;:&quot;2&quot;,&quot;columns_mobile&quot;:&quot;1&quot;}\" data-widget_type=\"jet-listing-grid.default\">\n\t\t\t\t<div class=\"elementor-widget-container\">\n\t\t\t\t\t<div class=\"jet-listing-grid jet-listing\"><div class=\"jet-listing-not-found jet-listing-grid__items\" data-nav=\"{&quot;enabled&quot;:false,&quot;type&quot;:null,&quot;more_el&quot;:null,&quot;query&quot;:[],&quot;widget_settings&quot;:{&quot;lisitng_id&quot;:438,&quot;posts_num&quot;:6,&quot;columns&quot;:3,&quot;columns_tablet&quot;:2,&quot;columns_mobile&quot;:1,&quot;column_min_width&quot;:240,&quot;column_min_width_tablet&quot;:240,&quot;column_min_width_mobile&quot;:240,&quot;inline_columns_css&quot;:false,&quot;is_archive_template&quot;:&quot;&quot;,&quot;post_status&quot;:[&quot;publish&quot;],&quot;use_random_posts_num&quot;:&quot;&quot;,&quot;max_posts_num&quot;:9,&quot;not_found_message&quot;:&quot;Jelenleg nincs nyitott poz\\u00edci\\u00f3nk.&quot;,&quot;is_masonry&quot;:false,&quot;equal_columns_height&quot;:&quot;yes&quot;,&quot;use_load_more&quot;:&quot;&quot;,&quot;load_more_id&quot;:&quot;&quot;,&quot;load_more_type&quot;:&quot;click&quot;,&quot;load_more_offset&quot;:{&quot;unit&quot;:&quot;px&quot;,&quot;size&quot;:0,&quot;sizes&quot;:[]},&quot;use_custom_post_types&quot;:&quot;&quot;,&quot;custom_post_types&quot;:[],&quot;hide_widget_if&quot;:&quot;&quot;,&quot;carousel_enabled&quot;:&quot;&quot;,&quot;slides_to_scroll&quot;:&quot;1&quot;,&quot;arrows&quot;:&quot;true&quot;,&quot;arrow_icon&quot;:&quot;fa fa-angle-left&quot;,&quot;dots&quot;:&quot;&quot;,&quot;autoplay&quot;:&quot;true&quot;,&quot;pause_on_hover&quot;:&quot;true&quot;,&quot;autoplay_speed&quot;:5000,&quot;infinite&quot;:&quot;true&quot;,&quot;center_mode&quot;:&quot;&quot;,&quot;effect&quot;:&quot;slide&quot;,&quot;speed&quot;:500,&quot;inject_alternative_items&quot;:&quot;&quot;,&quot;injection_items&quot;:[],&quot;scroll_slider_enabled&quot;:&quot;&quot;,&quot;scroll_slider_on&quot;:[&quot;desktop&quot;,&quot;tablet&quot;,&quot;mobile&quot;],&quot;custom_query&quot;:false,&quot;custom_query_id&quot;:&quot;&quot;,&quot;_element_id&quot;:&quot;&quot;,&quot;collapse_first_last_gap&quot;:false,&quot;list_tag_selection&quot;:&quot;&quot;,&quot;list_items_wrapper_tag&quot;:&quot;div&quot;,&quot;list_item_tag&quot;:&quot;div&quot;,&quot;empty_items_wrapper_tag&quot;:&quot;div&quot;}}\" data-listing-source=\"posts\" data-listing-id=\"438\" data-query-id=\"\" data-queried-id=\"25|WP_Post\">Jelenleg nincs nyitott poz\u00edci\u00f3nk.<\/div><\/div>\t\t\t\t<\/div>\n\t\t\t\t<\/div>\n\t\t\t\t\t<\/div>\n\t\t\t\t<\/div>\n\t\t\t\t<\/div>\n\t\t","protected":false},"excerpt":{"rendered":"<p>Csatlakozz hozz\u00e1nk Jelenleg nincs nyitott poz\u00edci\u00f3nk.<\/p>","protected":false},"author":1,"featured_media":0,"parent":0,"menu_order":0,"comment_status":"closed","ping_status":"closed","template":"","meta":{"footnotes":""},"kategoria-oldalakhoz":[],"class_list":["post-25","page","type-page","status-publish","hentry"],"yoast_head":"<!-- This site is optimized with the Yoast SEO Premium plugin v27.1 (Yoast SEO v27.1.1) - https:\/\/yoast.com\/product\/yoast-seo-premium-wordpress\/ -->\n<title>Karrier - Armadillo Kreat\u00edv \u00dcgyn\u00f6ks\u00e9g<\/title>\n<meta name=\"robots\" content=\"index, follow, max-snippet:-1, max-image-preview:large, max-video-preview:-1\" \/>\n<link rel=\"canonical\" href=\"https:\/\/armadillo.hu\/en\/karrier\/\" \/>\n<meta property=\"og:locale\" content=\"en_GB\" \/>\n<meta property=\"og:type\" content=\"article\" \/>\n<meta property=\"og:title\" content=\"Karrier\" \/>\n<meta property=\"og:description\" content=\"Csatlakozz hozz\u00e1nk Jelenleg nincs nyitott poz\u00edci\u00f3nk.\" \/>\n<meta property=\"og:url\" content=\"https:\/\/armadillo.hu\/en\/karrier\/\" \/>\n<meta property=\"og:site_name\" content=\"Armadillo Kreat\u00edv \u00dcgyn\u00f6ks\u00e9g\" \/>\n<meta property=\"article:publisher\" content=\"https:\/\/www.facebook.com\/armadillo.kreativ.ugynokseg\" \/>\n<meta property=\"article:modified_time\" content=\"2025-09-10T18:08:40+00:00\" \/>\n<meta property=\"og:image\" content=\"https:\/\/armadillo.hu\/wp-content\/uploads\/2025\/09\/armadillo-site-image.jpg\" \/>\n\t<meta property=\"og:image:width\" content=\"1024\" \/>\n\t<meta property=\"og:image:height\" content=\"570\" \/>\n\t<meta property=\"og:image:type\" content=\"image\/jpeg\" \/>\n<meta name=\"twitter:card\" content=\"summary_large_image\" \/>\n<meta name=\"twitter:label1\" content=\"Estimated reading time\" \/>\n\t<meta name=\"twitter:data1\" content=\"1 minute\" \/>\n<script type=\"application\/ld+json\" class=\"yoast-schema-graph\">{\"@context\":\"https:\/\/schema.org\",\"@graph\":[{\"@type\":\"WebPage\",\"@id\":\"https:\/\/armadillo.hu\/karrier\/\",\"url\":\"https:\/\/armadillo.hu\/karrier\/\",\"name\":\"Karrier - Armadillo Kreat\u00edv \u00dcgyn\u00f6ks\u00e9g\",\"isPartOf\":{\"@id\":\"https:\/\/armadillo.hu\/#website\"},\"datePublished\":\"2025-05-23T12:49:03+00:00\",\"dateModified\":\"2025-09-10T18:08:40+00:00\",\"breadcrumb\":{\"@id\":\"https:\/\/armadillo.hu\/karrier\/#breadcrumb\"},\"inLanguage\":\"en-GB\",\"potentialAction\":[{\"@type\":\"ReadAction\",\"target\":[\"https:\/\/armadillo.hu\/karrier\/\"]}]},{\"@type\":\"BreadcrumbList\",\"@id\":\"https:\/\/armadillo.hu\/karrier\/#breadcrumb\",\"itemListElement\":[{\"@type\":\"ListItem\",\"position\":1,\"name\":\"Kezd\u0151lap\",\"item\":\"https:\/\/armadillo.hu\/\"},{\"@type\":\"ListItem\",\"position\":2,\"name\":\"Karrier\"}]},{\"@type\":\"WebSite\",\"@id\":\"https:\/\/armadillo.hu\/#website\",\"url\":\"https:\/\/armadillo.hu\/\",\"name\":\"Armadillo Kreat\u00edv \u00dcgyn\u00f6ks\u00e9g\",\"description\":\"A figyelem k\u00f6z\u00e9ppontj\u00e1ba helyezz\u00fck a m\u00e1rk\u00e1dat. Maradand\u00f3t alkotunk, szenved\u00e9llyel \u00e9s profizmussal.\",\"publisher\":{\"@id\":\"https:\/\/armadillo.hu\/#organization\"},\"potentialAction\":[{\"@type\":\"SearchAction\",\"target\":{\"@type\":\"EntryPoint\",\"urlTemplate\":\"https:\/\/armadillo.hu\/?s={search_term_string}\"},\"query-input\":{\"@type\":\"PropertyValueSpecification\",\"valueRequired\":true,\"valueName\":\"search_term_string\"}}],\"inLanguage\":\"en-GB\"},{\"@type\":\"Organization\",\"@id\":\"https:\/\/armadillo.hu\/#organization\",\"name\":\"Armadillo Kreat\u00edv \u00dcgyn\u00f6ks\u00e9g\",\"url\":\"https:\/\/armadillo.hu\/\",\"logo\":{\"@type\":\"ImageObject\",\"inLanguage\":\"en-GB\",\"@id\":\"https:\/\/armadillo.hu\/#\/schema\/logo\/image\/\",\"url\":\"https:\/\/armadillo.hu\/wp-content\/uploads\/2025\/05\/cropped-armadillo_dillo_malac.png\",\"contentUrl\":\"https:\/\/armadillo.hu\/wp-content\/uploads\/2025\/05\/cropped-armadillo_dillo_malac.png\",\"width\":512,\"height\":512,\"caption\":\"Armadillo Kreat\u00edv \u00dcgyn\u00f6ks\u00e9g\"},\"image\":{\"@id\":\"https:\/\/armadillo.hu\/#\/schema\/logo\/image\/\"},\"sameAs\":[\"https:\/\/www.facebook.com\/armadillo.kreativ.ugynokseg\"],\"description\":\"Kreat\u00edv \u00fcgyn\u00f6ks\u00e9g a R\u00f3mai-parton digit\u00e1lis szeml\u00e9lettel \u00e9s full-service megold\u00e1sokkal!\",\"email\":\"armadillo@armadillo.hu\",\"telephone\":\"+36 30 631 1938\",\"legalName\":\"Armadillo Design Kft.\",\"vatID\":\"11838995-2-41\"}]}<\/script>\n<!-- \/ Yoast SEO Premium plugin. -->","yoast_head_json":{"title":"Karrier - Armadillo Kreat\u00edv \u00dcgyn\u00f6ks\u00e9g","robots":{"index":"index","follow":"follow","max-snippet":"max-snippet:-1","max-image-preview":"max-image-preview:large","max-video-preview":"max-video-preview:-1"},"canonical":"https:\/\/armadillo.hu\/en\/karrier\/","og_locale":"en_GB","og_type":"article","og_title":"Karrier","og_description":"Csatlakozz hozz\u00e1nk Jelenleg nincs nyitott poz\u00edci\u00f3nk.","og_url":"https:\/\/armadillo.hu\/en\/karrier\/","og_site_name":"Armadillo Kreat\u00edv \u00dcgyn\u00f6ks\u00e9g","article_publisher":"https:\/\/www.facebook.com\/armadillo.kreativ.ugynokseg","article_modified_time":"2025-09-10T18:08:40+00:00","og_image":[{"width":1024,"height":570,"url":"https:\/\/armadillo.hu\/wp-content\/uploads\/2025\/09\/armadillo-site-image.jpg","type":"image\/jpeg"}],"twitter_card":"summary_large_image","twitter_misc":{"Estimated reading time":"1 minute"},"schema":{"@context":"https:\/\/schema.org","@graph":[{"@type":"WebPage","@id":"https:\/\/armadillo.hu\/karrier\/","url":"https:\/\/armadillo.hu\/karrier\/","name":"Karrier - Armadillo Kreat\u00edv \u00dcgyn\u00f6ks\u00e9g","isPartOf":{"@id":"https:\/\/armadillo.hu\/#website"},"datePublished":"2025-05-23T12:49:03+00:00","dateModified":"2025-09-10T18:08:40+00:00","breadcrumb":{"@id":"https:\/\/armadillo.hu\/karrier\/#breadcrumb"},"inLanguage":"en-GB","potentialAction":[{"@type":"ReadAction","target":["https:\/\/armadillo.hu\/karrier\/"]}]},{"@type":"BreadcrumbList","@id":"https:\/\/armadillo.hu\/karrier\/#breadcrumb","itemListElement":[{"@type":"ListItem","position":1,"name":"Kezd\u0151lap","item":"https:\/\/armadillo.hu\/"},{"@type":"ListItem","position":2,"name":"Karrier"}]},{"@type":"WebSite","@id":"https:\/\/armadillo.hu\/#website","url":"https:\/\/armadillo.hu\/","name":"Armadillo Kreat\u00edv \u00dcgyn\u00f6ks\u00e9g","description":"A figyelem k\u00f6z\u00e9ppontj\u00e1ba helyezz\u00fck a m\u00e1rk\u00e1dat. Maradand\u00f3t alkotunk, szenved\u00e9llyel \u00e9s profizmussal.","publisher":{"@id":"https:\/\/armadillo.hu\/#organization"},"potentialAction":[{"@type":"SearchAction","target":{"@type":"EntryPoint","urlTemplate":"https:\/\/armadillo.hu\/?s={search_term_string}"},"query-input":{"@type":"PropertyValueSpecification","valueRequired":true,"valueName":"search_term_string"}}],"inLanguage":"en-GB"},{"@type":"Organization","@id":"https:\/\/armadillo.hu\/#organization","name":"Armadillo Kreat\u00edv \u00dcgyn\u00f6ks\u00e9g","url":"https:\/\/armadillo.hu\/","logo":{"@type":"ImageObject","inLanguage":"en-GB","@id":"https:\/\/armadillo.hu\/#\/schema\/logo\/image\/","url":"https:\/\/armadillo.hu\/wp-content\/uploads\/2025\/05\/cropped-armadillo_dillo_malac.png","contentUrl":"https:\/\/armadillo.hu\/wp-content\/uploads\/2025\/05\/cropped-armadillo_dillo_malac.png","width":512,"height":512,"caption":"Armadillo Kreat\u00edv \u00dcgyn\u00f6ks\u00e9g"},"image":{"@id":"https:\/\/armadillo.hu\/#\/schema\/logo\/image\/"},"sameAs":["https:\/\/www.facebook.com\/armadillo.kreativ.ugynokseg"],"description":"Kreat\u00edv \u00fcgyn\u00f6ks\u00e9g a R\u00f3mai-parton digit\u00e1lis szeml\u00e9lettel \u00e9s full-service megold\u00e1sokkal!","email":"armadillo@armadillo.hu","telephone":"+36 30 631 1938","legalName":"Armadillo Design Kft.","vatID":"11838995-2-41"}]}},"_links":{"self":[{"href":"https:\/\/armadillo.hu\/en\/wp-json\/wp\/v2\/pages\/25","targetHints":{"allow":["GET"]}}],"collection":[{"href":"https:\/\/armadillo.hu\/en\/wp-json\/wp\/v2\/pages"}],"about":[{"href":"https:\/\/armadillo.hu\/en\/wp-json\/wp\/v2\/types\/page"}],"author":[{"embeddable":true,"href":"https:\/\/armadillo.hu\/en\/wp-json\/wp\/v2\/users\/1"}],"replies":[{"embeddable":true,"href":"https:\/\/armadillo.hu\/en\/wp-json\/wp\/v2\/comments?post=25"}],"version-history":[{"count":43,"href":"https:\/\/armadillo.hu\/en\/wp-json\/wp\/v2\/pages\/25\/revisions"}],"predecessor-version":[{"id":2082,"href":"https:\/\/armadillo.hu\/en\/wp-json\/wp\/v2\/pages\/25\/revisions\/2082"}],"wp:attachment":[{"href":"https:\/\/armadillo.hu\/en\/wp-json\/wp\/v2\/media?parent=25"}],"wp:term":[{"taxonomy":"kategoria-oldalakhoz","embeddable":true,"href":"https:\/\/armadillo.hu\/en\/wp-json\/wp\/v2\/kategoria-oldalakhoz?post=25"}],"curies":[{"name":"wp","href":"https:\/\/api.w.org\/{rel}","templated":true}]}}